{"id":525,"date":"2026-03-23T00:23:02","date_gmt":"2026-03-23T03:23:02","guid":{"rendered":"https:\/\/bork.cl\/?page_id=525"},"modified":"2026-03-23T00:44:04","modified_gmt":"2026-03-23T03:44:04","slug":"blog","status":"publish","type":"page","link":"https:\/\/bork.cl\/?page_id=525","title":{"rendered":"Blog"},"content":{"rendered":"\t\t<div data-elementor-type=\"wp-page\" data-elementor-id=\"525\" class=\"elementor elementor-525\">\n\t\t\t\t<div class=\"elementor-element elementor-element-531fa7e e-flex e-con-boxed wpr-particle-no wpr-jarallax-no wpr-parallax-no wpr-sticky-section-no wpr-equal-height-no e-con e-parent\" data-id=\"531fa7e\" data-element_type=\"container\" data-e-type=\"container\">\n\t\t\t\t\t<div class=\"e-con-inner\">\n\t\t\t\t\t<\/div>\n\t\t\t\t<\/div>\n\t\t\t\t<\/div>\n\t\t","protected":false},"excerpt":{"rendered":"<p>Jos\u00e9 B\u00f3rquez Tu empresa ya tiene todo lo que necesita para no ser desplazada. Hay una figura publicada por Anthropic que deber\u00eda estar en tu pr\u00f3xima reuni\u00f3n de directorio. Muestra la brecha entre lo que la IA puede hacer hoy en el mundo corporativo \u2014 y lo que realmente se est\u00e1 usando. Leer m\u00e1s<\/p>\n","protected":false},"author":1,"featured_media":0,"parent":0,"menu_order":0,"comment_status":"closed","ping_status":"closed","template":"","meta":{"footnotes":""},"class_list":["post-525","page","type-page","status-publish","hentry"],"_links":{"self":[{"href":"https:\/\/bork.cl\/index.php?rest_route=\/wp\/v2\/pages\/525","targetHints":{"allow":["GET"]}}],"collection":[{"href":"https:\/\/bork.cl\/index.php?rest_route=\/wp\/v2\/pages"}],"about":[{"href":"https:\/\/bork.cl\/index.php?rest_route=\/wp\/v2\/types\/page"}],"author":[{"embeddable":true,"href":"https:\/\/bork.cl\/index.php?rest_route=\/wp\/v2\/users\/1"}],"replies":[{"embeddable":true,"href":"https:\/\/bork.cl\/index.php?rest_route=%2Fwp%2Fv2%2Fcomments&post=525"}],"version-history":[{"count":13,"href":"https:\/\/bork.cl\/index.php?rest_route=\/wp\/v2\/pages\/525\/revisions"}],"predecessor-version":[{"id":561,"href":"https:\/\/bork.cl\/index.php?rest_route=\/wp\/v2\/pages\/525\/revisions\/561"}],"wp:attachment":[{"href":"https:\/\/bork.cl\/index.php?rest_route=%2Fwp%2Fv2%2Fmedia&parent=525"}],"curies":[{"name":"wp","href":"https:\/\/api.w.org\/{rel}","templated":true}]}}